  {"id":2648,"date":"2020-06-03T22:03:30","date_gmt":"2020-06-04T02:03:30","guid":{"rendered":"https:\/\/cpbao.ca\/?page_id=2648"},"modified":"2020-07-13T16:59:33","modified_gmt":"2020-07-13T20:59:33","slug":"lordre-des-psychologues-de-lontario","status":"publish","type":"page","link":"https:\/\/cpbao.ca\/fr\/","title":{"rendered":"L&rsquo;Ordre des Psychologues de l&rsquo;Ontario"},"content":{"rendered":"\n<h2 class=\"wp-block-heading\">en savoir plus sur l\u2019order<\/h2>\n\n\n\n<p>L\u2019Ordre des psychologues de l\u2019Ontario est l\u2019organisme de r\u00e9glementation des psychologues et des associ\u00e9s en psychologie en Ontario. L\u2019Ordre n\u2019est ni une universit\u00e9, ni une \u00e9cole, ni un coll\u00e8ge communautaire. Il a pour mandat de prot\u00e9ger vos int\u00e9r\u00eats en surveillant et en r\u00e9glementant l\u2019exercice de la psychologie.<\/p>\n\n\n\n<p><\/p>\n","protected":false},"excerpt":{"rendered":"<p>en savoir plus sur l\u2019order L\u2019Ordre des psychologues de l\u2019Ontario est l\u2019organisme de r\u00e9glementation des psychologues et des associ\u00e9s en psychologie en Ontario. L\u2019Ordre n\u2019est ni une universit\u00e9, ni une \u00e9cole, ni un coll\u00e8ge communautaire. Il a pour mandat de prot\u00e9ger vos int\u00e9r\u00eats en surveillant et en r\u00e9glementant l\u2019exercice de [&hellip;]<\/p>\n","protected":false},"author":1,"featured_media":0,"parent":0,"menu_order":0,"comment_status":"closed","ping_status":"open","template":"","meta":{"ep_exclude_from_search":false,"footnotes":""},"class_list":["post-2648","page","type-page","status-publish","hentry"],"_links":{"self":[{"href":"https:\/\/cpbao.ca\/fr\/wp-json\/wp\/v2\/pages\/2648","targetHints":{"allow":["GET"]}}],"collection":[{"href":"https:\/\/cpbao.ca\/fr\/wp-json\/wp\/v2\/pages"}],"about":[{"href":"https:\/\/cpbao.ca\/fr\/wp-json\/wp\/v2\/types\/page"}],"author":[{"embeddable":true,"href":"https:\/\/cpbao.ca\/fr\/wp-json\/wp\/v2\/users\/1"}],"replies":[{"embeddable":true,"href":"https:\/\/cpbao.ca\/fr\/wp-json\/wp\/v2\/comments?post=2648"}],"version-history":[{"count":4,"href":"https:\/\/cpbao.ca\/fr\/wp-json\/wp\/v2\/pages\/2648\/revisions"}],"predecessor-version":[{"id":6808,"href":"https:\/\/cpbao.ca\/fr\/wp-json\/wp\/v2\/pages\/2648\/revisions\/6808"}],"wp:attachment":[{"href":"https:\/\/cpbao.ca\/fr\/wp-json\/wp\/v2\/media?parent=2648"}],"curies":[{"name":"wp","href":"https:\/\/api.w.org\/{rel}","templated":true}]}}