  {"id":4225,"date":"2020-05-11T16:00:02","date_gmt":"2020-05-11T20:00:02","guid":{"rendered":"https:\/\/cpbao.ca\/?page_id=4225"},"modified":"2025-05-21T13:17:01","modified_gmt":"2025-05-21T17:17:01","slug":"assurance-qualite","status":"publish","type":"page","link":"https:\/\/cpbao.ca\/fr\/membres\/assurance-qualite\/","title":{"rendered":"Assurance qualit\u00e9"},"content":{"rendered":"\n<p><a href=\"https:\/\/www.ontario.ca\/lois\/loi\/91r18\"><em>La Loi de 1991 sur les professions de la sant\u00e9 r\u00e9glement\u00e9es<\/em><\/a> (LPSR) n\u00e9cessite que tous les ordres de r\u00e9glementation de sant\u00e9 g\u00e8rent des programmes d\u2019assurance qualit\u00e9. Le Code des professions de la Sant\u00e9 explique que le programme est en place pour viser \u00ab \u00e0 assurer la qualit\u00e9 de l\u2019exercice de la profession par les membres et \u00e0 promouvoir l\u2019\u00e9valuation, la comp\u00e9tence et le perfectionnement continus de ceux-ci. \u00bb Le programme d\u2019assurance qualit\u00e9 de l\u2019Ordre des psychologues et des analystes du comportement de l\u2019Ontario inclus trois aspects : le Guide d\u2019auto-\u00e9valuation\/Plan de perfectionnement professionnel, le programme obligatoire de D\u00e9veloppement professionnel continu, et l\u2019\u00c9valuation par les pairs.<\/p>\n\n\n\n<div class=\"wp-block-cgroup-layout-blocks-cglp-callout-box is-style-cglb-callout-blue\">\n<h3 class=\"wp-block-heading\"><a href=\"https:\/\/cpbao.ca\/fr\/membres\/assurance-qualite\/guide-dauto-evaluation-plan-de-perfectionnement-professionnel\/\">GUIDE D\u2019AUTO-\u00c9VALUATION ET PLAN DE<br>D\u00c9VELOPPEMENT PROFESSIONNEL<\/a><\/h3>\n\n\n\n<p>\u00c0 chaque deuxi\u00e8me ann\u00e9e, les membres de l\u2019Ordre faut engager dans une auto-\u00e9valuation, en compl\u00e9tant le Guide d\u2019auto-\u00e9valuation\/Plan de perfectionnement professionnel. Les membres qui sont assign\u00e9s un num\u00e9ro d\u2019enregistrement pair compl\u00e8tent le Guide au cours des ann\u00e9es qui se terminent par des nombres pairs et ceux qui sont assign\u00e9s un num\u00e9ro d\u2019enregistrement impair le font au cours des ann\u00e9es impaires. Les membres enregistr\u00e9s avec un certificat autorisant la pratique supervis\u00e9e ou la pratique int\u00e9rimaire autonome doivent compl\u00e9ter le Guide chaque ann\u00e9e. Cette condition requise s\u2019applique \u00e9galement aux membres qui ont choisi de changer au statut inactif, car c\u2019est pr\u00e9vu que ces membres reviendront au statut actif. Il est pr\u00e9vu que les membres inactifs vont prendre des mesures pour rester courant dans leurs domaines de comp\u00e9tence \u00e0 l\u2019aide du programme de D\u00e9veloppement professionnel pendant leur p\u00e9riode d\u2019inactivit\u00e9 et vont documenter cela dans le Guide d\u2019auto-\u00e9valuation\/Plan de perfectionnement professionnel.<\/p>\n<\/div>\n\n\n\n<div class=\"wp-block-cgroup-layout-blocks-cglp-callout-box is-style-cglb-callout-green\">\n<h3 class=\"wp-block-heading\"><strong><a href=\"https:\/\/cpbao.ca\/fr\/cpo_resources\/self-care-plan\/\" data-type=\"URL\" data-id=\"https:\/\/cpbao.ca\/wp-content\/uploads\/SAG-Self-Care-Plan-2021.pdf\" target=\"_blank\" rel=\"noreferrer noopener\">PLAN D\u2019AUTOSOINS<\/a><\/strong><\/h3>\n\n\n\n<p>Dans le cadre d\u2019auto-\u00e9valuation, l\u2019Ordre s\u2019attend que les membres examinent les facteurs susceptibles d\u2019avoir une incidence n\u00e9gative sur leur capacit\u00e9 \u00e0 fournir des services et qu\u2019ils envisagent des mesures visant \u00e0 att\u00e9nuer le risque de tort pour leur propre bien-\u00eatre et celui de leurs clients. Au minimum, le plan d\u2019autosoins doit \u00eatre revu et mis \u00e0 jour chaque fois que le Guide d\u2019auto-\u00e9valuation\/Plan de perfectionnement professionnel sont compl\u00e9t\u00e9s.<\/p>\n<\/div>\n\n\n\n<div class=\"wp-block-cgroup-layout-blocks-cglp-callout-box is-style-cglb-callout-orange\">\n<h3 class=\"wp-block-heading\"><a href=\"https:\/\/cpbao.ca\/fr\/membres\/assurance-qualite\/formation-continue\/\">PROGRAMME DE D\u00c9VELOPPEMENT PROFESSIONNEL CONTINU<\/a><\/h3>\n\n\n\n<p>Chaque member de l\u2019Ordre, avec l\u2019exception des membres titulaires d\u2019un certificat d\u2019inscription \u00e0 la retraite, est tenu de satisfaire les conditions du programme de D\u00e9veloppement professionnel continu. Le programme \u00e0 \u00e9t\u00e9 con\u00e7u pour:<\/p>\n\n\n\n<ul class=\"wp-block-list\">\n<li>promouvoir le maintien de la comp\u00e9tence et l\u2019am\u00e9lioration continue de la qualit\u00e9 chez les membres,<\/li>\n\n\n\n<li>rem\u00e9dier aux lacunes en mati\u00e8re de connaissances et de comp\u00e9tences identifi\u00e9es lors de l\u2019auto-\u00e9valuation,&nbsp;<\/li>\n\n\n\n<li>faire face aux changements qui surviennent au sein de la profession,<\/li>\n\n\n\n<li>incorporer des normes d\u2019exercice, des avanc\u00e9es technologiques<\/li>\n<\/ul>\n\n\n\n<p>Ce programme permet aux membres de participer \u00e0 des activit\u00e9s de d\u00e9veloppement professionnel et de formation continue de diff\u00e9rentes mani\u00e8res, en fonction de leur style d\u2019apprentissage et de leurs besoins. Les membres dont le num\u00e9ro d\u2019enregistrement est pair compl\u00e8tent le processus d\u2019auto-\u00e9valuation les ann\u00e9es paires et ceux dont le num\u00e9ro d\u2019enregistrement est impair le font les ann\u00e9es impaires.<\/p>\n<\/div>\n\n\n\n<div class=\"wp-block-cgroup-layout-blocks-cglp-callout-box is-style-cglb-callout-purple\">\n<h3 class=\"wp-block-heading\"><a href=\"https:\/\/cpbao.ca\/fr\/membres\/assurance-qualite\/evaluation-par-les-pairs\/\">\u00c9VALUATION PAR LES PAIRS<\/a><\/h3>\n\n\n\n<p>Chaque ann\u00e9e, l\u2019Ordre choisit au hasard un certain nombre de membres pour participer \u00e0 la proc\u00e9dure d\u2019\u00e9valuation assist\u00e9e par les pairs. L\u2019\u00e9valuation par les pairs est un revue sur place de le cabinet d\u2019un membre, men\u00e9 par deux autres membres de l\u2019Ordre.<\/p>\n<\/div>\n","protected":false},"excerpt":{"rendered":"<p>La Loi de 1991 sur les professions de la sant\u00e9 r\u00e9glement\u00e9es (LPSR) n\u00e9cessite que tous les ordres de r\u00e9glementation de sant\u00e9 g\u00e8rent des programmes d\u2019assurance qualit\u00e9. Le Code des professions de la Sant\u00e9 explique que le programme est en place pour viser \u00ab \u00e0 assurer la qualit\u00e9 de l\u2019exercice de [&hellip;]<\/p>\n","protected":false},"author":1,"featured_media":0,"parent":3124,"menu_order":20,"comment_status":"closed","ping_status":"closed","template":"","meta":{"ep_exclude_from_search":false,"footnotes":""},"class_list":["post-4225","page","type-page","status-publish","hentry"],"_links":{"self":[{"href":"https:\/\/cpbao.ca\/fr\/wp-json\/wp\/v2\/pages\/4225","targetHints":{"allow":["GET"]}}],"collection":[{"href":"https:\/\/cpbao.ca\/fr\/wp-json\/wp\/v2\/pages"}],"about":[{"href":"https:\/\/cpbao.ca\/fr\/wp-json\/wp\/v2\/types\/page"}],"author":[{"embeddable":true,"href":"https:\/\/cpbao.ca\/fr\/wp-json\/wp\/v2\/users\/1"}],"replies":[{"embeddable":true,"href":"https:\/\/cpbao.ca\/fr\/wp-json\/wp\/v2\/comments?post=4225"}],"version-history":[{"count":5,"href":"https:\/\/cpbao.ca\/fr\/wp-json\/wp\/v2\/pages\/4225\/revisions"}],"predecessor-version":[{"id":19454,"href":"https:\/\/cpbao.ca\/fr\/wp-json\/wp\/v2\/pages\/4225\/revisions\/19454"}],"up":[{"embeddable":true,"href":"https:\/\/cpbao.ca\/fr\/wp-json\/wp\/v2\/pages\/3124"}],"wp:attachment":[{"href":"https:\/\/cpbao.ca\/fr\/wp-json\/wp\/v2\/media?parent=4225"}],"curies":[{"name":"wp","href":"https:\/\/api.w.org\/{rel}","templated":true}]}}